{"id":2029,"date":"2025-02-11T14:59:25","date_gmt":"2025-02-11T14:59:25","guid":{"rendered":"https:\/\/higuerondevelopments.com\/ueber-uns\/"},"modified":"2026-02-15T22:05:56","modified_gmt":"2026-02-15T22:05:56","slug":"ueber-uns","status":"publish","type":"page","link":"https:\/\/higuerondevelopments.com\/de\/ueber-uns\/","title":{"rendered":"\u00dcber uns"},"content":{"rendered":"","protected":false},"excerpt":{"rendered":"","protected":false},"author":1,"featured_media":0,"parent":0,"menu_order":0,"comment_status":"closed","ping_status":"closed","template":"nosotros.php","meta":{"_acf_changed":false,"inline_featured_image":false,"_uag_custom_page_level_css":"","footnotes":""},"class_list":["post-2029","page","type-page","status-publish","hentry"],"acf":[],"yoast_head":"<!-- This site is optimized with the Yoast SEO plugin v27.2 - https:\/\/yoast.com\/product\/yoast-seo-wordpress\/ -->\n<title>\u00dcber uns | Higuer\u00f3n Developments<\/title>\n<meta name=\"description\" content=\"Erfahren Sie mehr \u00fcber uns, unsere Geschichte im Laufe der Jahre und wie wir unsere Mission, Vision und Werte entwickelt haben. Bitte melden Sie sich an.\" \/>\n<meta name=\"robots\" content=\"index, follow, max-snippet:-1, max-image-preview:large, max-video-preview:-1\" \/>\n<link rel=\"canonical\" href=\"https:\/\/higuerondevelopments.com\/de\/ueber-uns\/\" \/>\n<meta property=\"og:locale\" content=\"de_DE\" \/>\n<meta property=\"og:type\" content=\"article\" \/>\n<meta property=\"og:title\" content=\"\u00dcber uns | Higuer\u00f3n Developments\" \/>\n<meta property=\"og:description\" content=\"Erfahren Sie mehr \u00fcber uns, unsere Geschichte im Laufe der Jahre und wie wir unsere Mission, Vision und Werte entwickelt haben. Bitte melden Sie sich an.\" \/>\n<meta property=\"og:url\" content=\"https:\/\/higuerondevelopments.com\/de\/ueber-uns\/\" \/>\n<meta property=\"og:site_name\" content=\"Higuer\u00f3n Developments\" \/>\n<meta property=\"article:modified_time\" content=\"2026-02-15T22:05:56+00:00\" \/>\n<meta name=\"twitter:card\" content=\"summary_large_image\" \/>\n<script type=\"application\/ld+json\" class=\"yoast-schema-graph\">{\"@context\":\"https:\/\/schema.org\",\"@graph\":[{\"@type\":\"WebPage\",\"@id\":\"https:\/\/higuerondevelopments.com\/de\/ueber-uns\/\",\"url\":\"https:\/\/higuerondevelopments.com\/de\/ueber-uns\/\",\"name\":\"\u00dcber uns | Higuer\u00f3n Developments\",\"isPartOf\":{\"@id\":\"https:\/\/higuerondevelopments.com\/de\/#website\"},\"datePublished\":\"2025-02-11T14:59:25+00:00\",\"dateModified\":\"2026-02-15T22:05:56+00:00\",\"description\":\"Erfahren Sie mehr \u00fcber uns, unsere Geschichte im Laufe der Jahre und wie wir unsere Mission, Vision und Werte entwickelt haben. Bitte melden Sie sich an.\",\"breadcrumb\":{\"@id\":\"https:\/\/higuerondevelopments.com\/de\/ueber-uns\/#breadcrumb\"},\"inLanguage\":\"de\",\"potentialAction\":[{\"@type\":\"ReadAction\",\"target\":[\"https:\/\/higuerondevelopments.com\/de\/ueber-uns\/\"]}]},{\"@type\":\"BreadcrumbList\",\"@id\":\"https:\/\/higuerondevelopments.com\/de\/ueber-uns\/#breadcrumb\",\"itemListElement\":[{\"@type\":\"ListItem\",\"position\":1,\"name\":\"Portada\",\"item\":\"https:\/\/higuerondevelopments.com\/de\/home\/\"},{\"@type\":\"ListItem\",\"position\":2,\"name\":\"\u00dcber uns\"}]},{\"@type\":\"WebSite\",\"@id\":\"https:\/\/higuerondevelopments.com\/de\/#website\",\"url\":\"https:\/\/higuerondevelopments.com\/de\/\",\"name\":\"Higuer\u00f3n Developments\",\"description\":\"\",\"publisher\":{\"@id\":\"https:\/\/higuerondevelopments.com\/de\/#organization\"},\"alternateName\":\"Higuer\u00f3n Developments\",\"potentialAction\":[{\"@type\":\"SearchAction\",\"target\":{\"@type\":\"EntryPoint\",\"urlTemplate\":\"https:\/\/higuerondevelopments.com\/de\/?s={search_term_string}\"},\"query-input\":{\"@type\":\"PropertyValueSpecification\",\"valueRequired\":true,\"valueName\":\"search_term_string\"}}],\"inLanguage\":\"de\"},{\"@type\":\"Organization\",\"@id\":\"https:\/\/higuerondevelopments.com\/de\/#organization\",\"name\":\"Higuer\u00f3n Developments\",\"url\":\"https:\/\/higuerondevelopments.com\/de\/\",\"logo\":{\"@type\":\"ImageObject\",\"inLanguage\":\"de\",\"@id\":\"https:\/\/higuerondevelopments.com\/de\/#\/schema\/logo\/image\/\",\"url\":\"https:\/\/higuerondevelopments.com\/wp-content\/uploads\/2025\/02\/hgd_iso.svg\",\"contentUrl\":\"https:\/\/higuerondevelopments.com\/wp-content\/uploads\/2025\/02\/hgd_iso.svg\",\"width\":\"1024\",\"height\":\"1024\",\"caption\":\"Higuer\u00f3n Developments\"},\"image\":{\"@id\":\"https:\/\/higuerondevelopments.com\/de\/#\/schema\/logo\/image\/\"}}]}<\/script>\n<!-- \/ Yoast SEO plugin. -->","yoast_head_json":{"title":"\u00dcber uns | Higuer\u00f3n Developments","description":"Erfahren Sie mehr \u00fcber uns, unsere Geschichte im Laufe der Jahre und wie wir unsere Mission, Vision und Werte entwickelt haben. Bitte melden Sie sich an.","robots":{"index":"index","follow":"follow","max-snippet":"max-snippet:-1","max-image-preview":"max-image-preview:large","max-video-preview":"max-video-preview:-1"},"canonical":"https:\/\/higuerondevelopments.com\/de\/ueber-uns\/","og_locale":"de_DE","og_type":"article","og_title":"\u00dcber uns | Higuer\u00f3n Developments","og_description":"Erfahren Sie mehr \u00fcber uns, unsere Geschichte im Laufe der Jahre und wie wir unsere Mission, Vision und Werte entwickelt haben. Bitte melden Sie sich an.","og_url":"https:\/\/higuerondevelopments.com\/de\/ueber-uns\/","og_site_name":"Higuer\u00f3n Developments","article_modified_time":"2026-02-15T22:05:56+00:00","twitter_card":"summary_large_image","schema":{"@context":"https:\/\/schema.org","@graph":[{"@type":"WebPage","@id":"https:\/\/higuerondevelopments.com\/de\/ueber-uns\/","url":"https:\/\/higuerondevelopments.com\/de\/ueber-uns\/","name":"\u00dcber uns | Higuer\u00f3n Developments","isPartOf":{"@id":"https:\/\/higuerondevelopments.com\/de\/#website"},"datePublished":"2025-02-11T14:59:25+00:00","dateModified":"2026-02-15T22:05:56+00:00","description":"Erfahren Sie mehr \u00fcber uns, unsere Geschichte im Laufe der Jahre und wie wir unsere Mission, Vision und Werte entwickelt haben. Bitte melden Sie sich an.","breadcrumb":{"@id":"https:\/\/higuerondevelopments.com\/de\/ueber-uns\/#breadcrumb"},"inLanguage":"de","potentialAction":[{"@type":"ReadAction","target":["https:\/\/higuerondevelopments.com\/de\/ueber-uns\/"]}]},{"@type":"BreadcrumbList","@id":"https:\/\/higuerondevelopments.com\/de\/ueber-uns\/#breadcrumb","itemListElement":[{"@type":"ListItem","position":1,"name":"Portada","item":"https:\/\/higuerondevelopments.com\/de\/home\/"},{"@type":"ListItem","position":2,"name":"\u00dcber uns"}]},{"@type":"WebSite","@id":"https:\/\/higuerondevelopments.com\/de\/#website","url":"https:\/\/higuerondevelopments.com\/de\/","name":"Higuer\u00f3n Developments","description":"","publisher":{"@id":"https:\/\/higuerondevelopments.com\/de\/#organization"},"alternateName":"Higuer\u00f3n Developments","potentialAction":[{"@type":"SearchAction","target":{"@type":"EntryPoint","urlTemplate":"https:\/\/higuerondevelopments.com\/de\/?s={search_term_string}"},"query-input":{"@type":"PropertyValueSpecification","valueRequired":true,"valueName":"search_term_string"}}],"inLanguage":"de"},{"@type":"Organization","@id":"https:\/\/higuerondevelopments.com\/de\/#organization","name":"Higuer\u00f3n Developments","url":"https:\/\/higuerondevelopments.com\/de\/","logo":{"@type":"ImageObject","inLanguage":"de","@id":"https:\/\/higuerondevelopments.com\/de\/#\/schema\/logo\/image\/","url":"https:\/\/higuerondevelopments.com\/wp-content\/uploads\/2025\/02\/hgd_iso.svg","contentUrl":"https:\/\/higuerondevelopments.com\/wp-content\/uploads\/2025\/02\/hgd_iso.svg","width":"1024","height":"1024","caption":"Higuer\u00f3n Developments"},"image":{"@id":"https:\/\/higuerondevelopments.com\/de\/#\/schema\/logo\/image\/"}}]}},"uagb_featured_image_src":{"full":false,"thumbnail":false,"medium":false,"medium_large":false,"large":false,"1536x1536":false,"2048x2048":false},"uagb_author_info":{"display_name":"@nubeseo","author_link":"https:\/\/higuerondevelopments.com\/de\/author\/nubeseo\/"},"uagb_comment_info":0,"uagb_excerpt":null,"_links":{"self":[{"href":"https:\/\/higuerondevelopments.com\/de\/wp-json\/wp\/v2\/pages\/2029","targetHints":{"allow":["GET"]}}],"collection":[{"href":"https:\/\/higuerondevelopments.com\/de\/wp-json\/wp\/v2\/pages"}],"about":[{"href":"https:\/\/higuerondevelopments.com\/de\/wp-json\/wp\/v2\/types\/page"}],"author":[{"embeddable":true,"href":"https:\/\/higuerondevelopments.com\/de\/wp-json\/wp\/v2\/users\/1"}],"replies":[{"embeddable":true,"href":"https:\/\/higuerondevelopments.com\/de\/wp-json\/wp\/v2\/comments?post=2029"}],"version-history":[{"count":1,"href":"https:\/\/higuerondevelopments.com\/de\/wp-json\/wp\/v2\/pages\/2029\/revisions"}],"predecessor-version":[{"id":2686,"href":"https:\/\/higuerondevelopments.com\/de\/wp-json\/wp\/v2\/pages\/2029\/revisions\/2686"}],"wp:attachment":[{"href":"https:\/\/higuerondevelopments.com\/de\/wp-json\/wp\/v2\/media?parent=2029"}],"curies":[{"name":"wp","href":"https:\/\/api.w.org\/{rel}","templated":true}]}}