{"id":2024,"date":"2025-01-09T10:37:49","date_gmt":"2025-01-09T10:37:49","guid":{"rendered":"https:\/\/higuerondevelopments.com\/contactez-nous\/"},"modified":"2026-02-09T10:20:58","modified_gmt":"2026-02-09T10:20:58","slug":"contactez-nous","status":"publish","type":"page","link":"https:\/\/higuerondevelopments.com\/fr\/contactez-nous\/","title":{"rendered":"Contactez-nous"},"content":{"rendered":"","protected":false},"excerpt":{"rendered":"","protected":false},"author":1,"featured_media":0,"parent":0,"menu_order":0,"comment_status":"closed","ping_status":"closed","template":"contact.php","meta":{"_acf_changed":false,"inline_featured_image":false,"_uag_custom_page_level_css":"","footnotes":""},"class_list":["post-2024","page","type-page","status-publish","hentry"],"acf":[],"yoast_head":"<!-- This site is optimized with the Yoast SEO plugin v27.2 - https:\/\/yoast.com\/product\/yoast-seo-wordpress\/ -->\n<title>Contactez-nous | Higuer\u00f3n Developments<\/title>\n<meta name=\"description\" content=\"Vous pouvez nous contacter par diff\u00e9rents moyens, que ce soit par t\u00e9l\u00e9phone ou par courrier \u00e9lectronique. Participez d\u00e8s maintenant !\" \/>\n<meta name=\"robots\" content=\"index, follow, max-snippet:-1, max-image-preview:large, max-video-preview:-1\" \/>\n<link rel=\"canonical\" href=\"https:\/\/higuerondevelopments.com\/fr\/contactez-nous\/\" \/>\n<meta property=\"og:locale\" content=\"fr_FR\" \/>\n<meta property=\"og:type\" content=\"article\" \/>\n<meta property=\"og:title\" content=\"Contactez-nous | Higuer\u00f3n Developments\" \/>\n<meta property=\"og:description\" content=\"Vous pouvez nous contacter par diff\u00e9rents moyens, que ce soit par t\u00e9l\u00e9phone ou par courrier \u00e9lectronique. Participez d\u00e8s maintenant !\" \/>\n<meta property=\"og:url\" content=\"https:\/\/higuerondevelopments.com\/fr\/contactez-nous\/\" \/>\n<meta property=\"og:site_name\" content=\"Higuer\u00f3n Developments\" \/>\n<meta property=\"article:modified_time\" content=\"2026-02-09T10:20:58+00:00\" \/>\n<meta name=\"twitter:card\" content=\"summary_large_image\" \/>\n<script type=\"application\/ld+json\" class=\"yoast-schema-graph\">{\"@context\":\"https:\/\/schema.org\",\"@graph\":[{\"@type\":\"WebPage\",\"@id\":\"https:\/\/higuerondevelopments.com\/fr\/contactez-nous\/\",\"url\":\"https:\/\/higuerondevelopments.com\/fr\/contactez-nous\/\",\"name\":\"Contactez-nous | Higuer\u00f3n Developments\",\"isPartOf\":{\"@id\":\"https:\/\/higuerondevelopments.com\/fr\/#website\"},\"datePublished\":\"2025-01-09T10:37:49+00:00\",\"dateModified\":\"2026-02-09T10:20:58+00:00\",\"description\":\"Vous pouvez nous contacter par diff\u00e9rents moyens, que ce soit par t\u00e9l\u00e9phone ou par courrier \u00e9lectronique. Participez d\u00e8s maintenant !\",\"breadcrumb\":{\"@id\":\"https:\/\/higuerondevelopments.com\/fr\/contactez-nous\/#breadcrumb\"},\"inLanguage\":\"fr-FR\",\"potentialAction\":[{\"@type\":\"ReadAction\",\"target\":[\"https:\/\/higuerondevelopments.com\/fr\/contactez-nous\/\"]}]},{\"@type\":\"BreadcrumbList\",\"@id\":\"https:\/\/higuerondevelopments.com\/fr\/contactez-nous\/#breadcrumb\",\"itemListElement\":[{\"@type\":\"ListItem\",\"position\":1,\"name\":\"Portada\",\"item\":\"https:\/\/higuerondevelopments.com\/fr\/accueil\/\"},{\"@type\":\"ListItem\",\"position\":2,\"name\":\"Contactez-nous\"}]},{\"@type\":\"WebSite\",\"@id\":\"https:\/\/higuerondevelopments.com\/fr\/#website\",\"url\":\"https:\/\/higuerondevelopments.com\/fr\/\",\"name\":\"Higuer\u00f3n Developments\",\"description\":\"\",\"publisher\":{\"@id\":\"https:\/\/higuerondevelopments.com\/fr\/#organization\"},\"alternateName\":\"Higuer\u00f3n Developments\",\"potentialAction\":[{\"@type\":\"SearchAction\",\"target\":{\"@type\":\"EntryPoint\",\"urlTemplate\":\"https:\/\/higuerondevelopments.com\/fr\/?s={search_term_string}\"},\"query-input\":{\"@type\":\"PropertyValueSpecification\",\"valueRequired\":true,\"valueName\":\"search_term_string\"}}],\"inLanguage\":\"fr-FR\"},{\"@type\":\"Organization\",\"@id\":\"https:\/\/higuerondevelopments.com\/fr\/#organization\",\"name\":\"Higuer\u00f3n Developments\",\"url\":\"https:\/\/higuerondevelopments.com\/fr\/\",\"logo\":{\"@type\":\"ImageObject\",\"inLanguage\":\"fr-FR\",\"@id\":\"https:\/\/higuerondevelopments.com\/fr\/#\/schema\/logo\/image\/\",\"url\":\"https:\/\/higuerondevelopments.com\/wp-content\/uploads\/2025\/02\/hgd_iso.svg\",\"contentUrl\":\"https:\/\/higuerondevelopments.com\/wp-content\/uploads\/2025\/02\/hgd_iso.svg\",\"width\":\"1024\",\"height\":\"1024\",\"caption\":\"Higuer\u00f3n Developments\"},\"image\":{\"@id\":\"https:\/\/higuerondevelopments.com\/fr\/#\/schema\/logo\/image\/\"}}]}<\/script>\n<!-- \/ Yoast SEO plugin. -->","yoast_head_json":{"title":"Contactez-nous | Higuer\u00f3n Developments","description":"Vous pouvez nous contacter par diff\u00e9rents moyens, que ce soit par t\u00e9l\u00e9phone ou par courrier \u00e9lectronique. Participez d\u00e8s maintenant !","robots":{"index":"index","follow":"follow","max-snippet":"max-snippet:-1","max-image-preview":"max-image-preview:large","max-video-preview":"max-video-preview:-1"},"canonical":"https:\/\/higuerondevelopments.com\/fr\/contactez-nous\/","og_locale":"fr_FR","og_type":"article","og_title":"Contactez-nous | Higuer\u00f3n Developments","og_description":"Vous pouvez nous contacter par diff\u00e9rents moyens, que ce soit par t\u00e9l\u00e9phone ou par courrier \u00e9lectronique. Participez d\u00e8s maintenant !","og_url":"https:\/\/higuerondevelopments.com\/fr\/contactez-nous\/","og_site_name":"Higuer\u00f3n Developments","article_modified_time":"2026-02-09T10:20:58+00:00","twitter_card":"summary_large_image","schema":{"@context":"https:\/\/schema.org","@graph":[{"@type":"WebPage","@id":"https:\/\/higuerondevelopments.com\/fr\/contactez-nous\/","url":"https:\/\/higuerondevelopments.com\/fr\/contactez-nous\/","name":"Contactez-nous | Higuer\u00f3n Developments","isPartOf":{"@id":"https:\/\/higuerondevelopments.com\/fr\/#website"},"datePublished":"2025-01-09T10:37:49+00:00","dateModified":"2026-02-09T10:20:58+00:00","description":"Vous pouvez nous contacter par diff\u00e9rents moyens, que ce soit par t\u00e9l\u00e9phone ou par courrier \u00e9lectronique. Participez d\u00e8s maintenant !","breadcrumb":{"@id":"https:\/\/higuerondevelopments.com\/fr\/contactez-nous\/#breadcrumb"},"inLanguage":"fr-FR","potentialAction":[{"@type":"ReadAction","target":["https:\/\/higuerondevelopments.com\/fr\/contactez-nous\/"]}]},{"@type":"BreadcrumbList","@id":"https:\/\/higuerondevelopments.com\/fr\/contactez-nous\/#breadcrumb","itemListElement":[{"@type":"ListItem","position":1,"name":"Portada","item":"https:\/\/higuerondevelopments.com\/fr\/accueil\/"},{"@type":"ListItem","position":2,"name":"Contactez-nous"}]},{"@type":"WebSite","@id":"https:\/\/higuerondevelopments.com\/fr\/#website","url":"https:\/\/higuerondevelopments.com\/fr\/","name":"Higuer\u00f3n Developments","description":"","publisher":{"@id":"https:\/\/higuerondevelopments.com\/fr\/#organization"},"alternateName":"Higuer\u00f3n Developments","potentialAction":[{"@type":"SearchAction","target":{"@type":"EntryPoint","urlTemplate":"https:\/\/higuerondevelopments.com\/fr\/?s={search_term_string}"},"query-input":{"@type":"PropertyValueSpecification","valueRequired":true,"valueName":"search_term_string"}}],"inLanguage":"fr-FR"},{"@type":"Organization","@id":"https:\/\/higuerondevelopments.com\/fr\/#organization","name":"Higuer\u00f3n Developments","url":"https:\/\/higuerondevelopments.com\/fr\/","logo":{"@type":"ImageObject","inLanguage":"fr-FR","@id":"https:\/\/higuerondevelopments.com\/fr\/#\/schema\/logo\/image\/","url":"https:\/\/higuerondevelopments.com\/wp-content\/uploads\/2025\/02\/hgd_iso.svg","contentUrl":"https:\/\/higuerondevelopments.com\/wp-content\/uploads\/2025\/02\/hgd_iso.svg","width":"1024","height":"1024","caption":"Higuer\u00f3n Developments"},"image":{"@id":"https:\/\/higuerondevelopments.com\/fr\/#\/schema\/logo\/image\/"}}]}},"uagb_featured_image_src":{"full":false,"thumbnail":false,"medium":false,"medium_large":false,"large":false,"1536x1536":false,"2048x2048":false},"uagb_author_info":{"display_name":"@nubeseo","author_link":"https:\/\/higuerondevelopments.com\/fr\/author\/nubeseo\/"},"uagb_comment_info":0,"uagb_excerpt":null,"_links":{"self":[{"href":"https:\/\/higuerondevelopments.com\/fr\/wp-json\/wp\/v2\/pages\/2024","targetHints":{"allow":["GET"]}}],"collection":[{"href":"https:\/\/higuerondevelopments.com\/fr\/wp-json\/wp\/v2\/pages"}],"about":[{"href":"https:\/\/higuerondevelopments.com\/fr\/wp-json\/wp\/v2\/types\/page"}],"author":[{"embeddable":true,"href":"https:\/\/higuerondevelopments.com\/fr\/wp-json\/wp\/v2\/users\/1"}],"replies":[{"embeddable":true,"href":"https:\/\/higuerondevelopments.com\/fr\/wp-json\/wp\/v2\/comments?post=2024"}],"version-history":[{"count":1,"href":"https:\/\/higuerondevelopments.com\/fr\/wp-json\/wp\/v2\/pages\/2024\/revisions"}],"predecessor-version":[{"id":2674,"href":"https:\/\/higuerondevelopments.com\/fr\/wp-json\/wp\/v2\/pages\/2024\/revisions\/2674"}],"wp:attachment":[{"href":"https:\/\/higuerondevelopments.com\/fr\/wp-json\/wp\/v2\/media?parent=2024"}],"curies":[{"name":"wp","href":"https:\/\/api.w.org\/{rel}","templated":true}]}}