{"id":2339,"date":"2025-02-11T14:59:25","date_gmt":"2025-02-11T14:59:25","guid":{"rendered":"https:\/\/higuerondevelopments.com\/my\/"},"modified":"2026-02-20T10:14:54","modified_gmt":"2026-02-20T10:14:54","slug":"my","status":"publish","type":"page","link":"https:\/\/higuerondevelopments.com\/pl\/my\/","title":{"rendered":"My"},"content":{"rendered":"","protected":false},"excerpt":{"rendered":"","protected":false},"author":1,"featured_media":0,"parent":0,"menu_order":0,"comment_status":"closed","ping_status":"closed","template":"nosotros.php","meta":{"_acf_changed":false,"inline_featured_image":false,"_uag_custom_page_level_css":"","footnotes":""},"class_list":["post-2339","page","type-page","status-publish","hentry"],"acf":[],"yoast_head":"<!-- This site is optimized with the Yoast SEO plugin v27.2 - https:\/\/yoast.com\/product\/yoast-seo-wordpress\/ -->\n<title>My | Higuer\u00f3n Developments<\/title>\n<meta name=\"description\" content=\"Dowiedz si\u0119, kim jeste\u015bmy i poznaj nasz\u0105 histori\u0119 na przestrzeni lat oraz to, jak kszta\u0142tujemy nasz\u0105 misj\u0119, wizj\u0119 i warto\u015bci. Zapraszamy do poznania nas!\" \/>\n<meta name=\"robots\" content=\"index, follow, max-snippet:-1, max-image-preview:large, max-video-preview:-1\" \/>\n<link rel=\"canonical\" href=\"https:\/\/higuerondevelopments.com\/pl\/my\/\" \/>\n<meta property=\"og:locale\" content=\"pl_PL\" \/>\n<meta property=\"og:type\" content=\"article\" \/>\n<meta property=\"og:title\" content=\"My | Higuer\u00f3n Developments\" \/>\n<meta property=\"og:description\" content=\"Dowiedz si\u0119, kim jeste\u015bmy i poznaj nasz\u0105 histori\u0119 na przestrzeni lat oraz to, jak kszta\u0142tujemy nasz\u0105 misj\u0119, wizj\u0119 i warto\u015bci. Zapraszamy do poznania nas!\" \/>\n<meta property=\"og:url\" content=\"https:\/\/higuerondevelopments.com\/pl\/my\/\" \/>\n<meta property=\"og:site_name\" content=\"Higuer\u00f3n Developments\" \/>\n<meta property=\"article:modified_time\" content=\"2026-02-20T10:14:54+00:00\" \/>\n<meta name=\"twitter:card\" content=\"summary_large_image\" \/>\n<script type=\"application\/ld+json\" class=\"yoast-schema-graph\">{\"@context\":\"https:\/\/schema.org\",\"@graph\":[{\"@type\":\"WebPage\",\"@id\":\"https:\/\/higuerondevelopments.com\/pl\/my\/\",\"url\":\"https:\/\/higuerondevelopments.com\/pl\/my\/\",\"name\":\"My | Higuer\u00f3n Developments\",\"isPartOf\":{\"@id\":\"https:\/\/higuerondevelopments.com\/pl\/#website\"},\"datePublished\":\"2025-02-11T14:59:25+00:00\",\"dateModified\":\"2026-02-20T10:14:54+00:00\",\"description\":\"Dowiedz si\u0119, kim jeste\u015bmy i poznaj nasz\u0105 histori\u0119 na przestrzeni lat oraz to, jak kszta\u0142tujemy nasz\u0105 misj\u0119, wizj\u0119 i warto\u015bci. Zapraszamy do poznania nas!\",\"breadcrumb\":{\"@id\":\"https:\/\/higuerondevelopments.com\/pl\/my\/#breadcrumb\"},\"inLanguage\":\"pl-PL\",\"potentialAction\":[{\"@type\":\"ReadAction\",\"target\":[\"https:\/\/higuerondevelopments.com\/pl\/my\/\"]}]},{\"@type\":\"BreadcrumbList\",\"@id\":\"https:\/\/higuerondevelopments.com\/pl\/my\/#breadcrumb\",\"itemListElement\":[{\"@type\":\"ListItem\",\"position\":1,\"name\":\"Portada\",\"item\":\"https:\/\/higuerondevelopments.com\/pl\/strona-glowna\/\"},{\"@type\":\"ListItem\",\"position\":2,\"name\":\"My\"}]},{\"@type\":\"WebSite\",\"@id\":\"https:\/\/higuerondevelopments.com\/pl\/#website\",\"url\":\"https:\/\/higuerondevelopments.com\/pl\/\",\"name\":\"Higuer\u00f3n Developments\",\"description\":\"\",\"publisher\":{\"@id\":\"https:\/\/higuerondevelopments.com\/pl\/#organization\"},\"alternateName\":\"Higuer\u00f3n Developments\",\"potentialAction\":[{\"@type\":\"SearchAction\",\"target\":{\"@type\":\"EntryPoint\",\"urlTemplate\":\"https:\/\/higuerondevelopments.com\/pl\/?s={search_term_string}\"},\"query-input\":{\"@type\":\"PropertyValueSpecification\",\"valueRequired\":true,\"valueName\":\"search_term_string\"}}],\"inLanguage\":\"pl-PL\"},{\"@type\":\"Organization\",\"@id\":\"https:\/\/higuerondevelopments.com\/pl\/#organization\",\"name\":\"Higuer\u00f3n Developments\",\"url\":\"https:\/\/higuerondevelopments.com\/pl\/\",\"logo\":{\"@type\":\"ImageObject\",\"inLanguage\":\"pl-PL\",\"@id\":\"https:\/\/higuerondevelopments.com\/pl\/#\/schema\/logo\/image\/\",\"url\":\"https:\/\/higuerondevelopments.com\/wp-content\/uploads\/2025\/02\/hgd_iso.svg\",\"contentUrl\":\"https:\/\/higuerondevelopments.com\/wp-content\/uploads\/2025\/02\/hgd_iso.svg\",\"width\":\"1024\",\"height\":\"1024\",\"caption\":\"Higuer\u00f3n Developments\"},\"image\":{\"@id\":\"https:\/\/higuerondevelopments.com\/pl\/#\/schema\/logo\/image\/\"}}]}<\/script>\n<!-- \/ Yoast SEO plugin. -->","yoast_head_json":{"title":"My | Higuer\u00f3n Developments","description":"Dowiedz si\u0119, kim jeste\u015bmy i poznaj nasz\u0105 histori\u0119 na przestrzeni lat oraz to, jak kszta\u0142tujemy nasz\u0105 misj\u0119, wizj\u0119 i warto\u015bci. Zapraszamy do poznania nas!","robots":{"index":"index","follow":"follow","max-snippet":"max-snippet:-1","max-image-preview":"max-image-preview:large","max-video-preview":"max-video-preview:-1"},"canonical":"https:\/\/higuerondevelopments.com\/pl\/my\/","og_locale":"pl_PL","og_type":"article","og_title":"My | Higuer\u00f3n Developments","og_description":"Dowiedz si\u0119, kim jeste\u015bmy i poznaj nasz\u0105 histori\u0119 na przestrzeni lat oraz to, jak kszta\u0142tujemy nasz\u0105 misj\u0119, wizj\u0119 i warto\u015bci. Zapraszamy do poznania nas!","og_url":"https:\/\/higuerondevelopments.com\/pl\/my\/","og_site_name":"Higuer\u00f3n Developments","article_modified_time":"2026-02-20T10:14:54+00:00","twitter_card":"summary_large_image","schema":{"@context":"https:\/\/schema.org","@graph":[{"@type":"WebPage","@id":"https:\/\/higuerondevelopments.com\/pl\/my\/","url":"https:\/\/higuerondevelopments.com\/pl\/my\/","name":"My | Higuer\u00f3n Developments","isPartOf":{"@id":"https:\/\/higuerondevelopments.com\/pl\/#website"},"datePublished":"2025-02-11T14:59:25+00:00","dateModified":"2026-02-20T10:14:54+00:00","description":"Dowiedz si\u0119, kim jeste\u015bmy i poznaj nasz\u0105 histori\u0119 na przestrzeni lat oraz to, jak kszta\u0142tujemy nasz\u0105 misj\u0119, wizj\u0119 i warto\u015bci. Zapraszamy do poznania nas!","breadcrumb":{"@id":"https:\/\/higuerondevelopments.com\/pl\/my\/#breadcrumb"},"inLanguage":"pl-PL","potentialAction":[{"@type":"ReadAction","target":["https:\/\/higuerondevelopments.com\/pl\/my\/"]}]},{"@type":"BreadcrumbList","@id":"https:\/\/higuerondevelopments.com\/pl\/my\/#breadcrumb","itemListElement":[{"@type":"ListItem","position":1,"name":"Portada","item":"https:\/\/higuerondevelopments.com\/pl\/strona-glowna\/"},{"@type":"ListItem","position":2,"name":"My"}]},{"@type":"WebSite","@id":"https:\/\/higuerondevelopments.com\/pl\/#website","url":"https:\/\/higuerondevelopments.com\/pl\/","name":"Higuer\u00f3n Developments","description":"","publisher":{"@id":"https:\/\/higuerondevelopments.com\/pl\/#organization"},"alternateName":"Higuer\u00f3n Developments","potentialAction":[{"@type":"SearchAction","target":{"@type":"EntryPoint","urlTemplate":"https:\/\/higuerondevelopments.com\/pl\/?s={search_term_string}"},"query-input":{"@type":"PropertyValueSpecification","valueRequired":true,"valueName":"search_term_string"}}],"inLanguage":"pl-PL"},{"@type":"Organization","@id":"https:\/\/higuerondevelopments.com\/pl\/#organization","name":"Higuer\u00f3n Developments","url":"https:\/\/higuerondevelopments.com\/pl\/","logo":{"@type":"ImageObject","inLanguage":"pl-PL","@id":"https:\/\/higuerondevelopments.com\/pl\/#\/schema\/logo\/image\/","url":"https:\/\/higuerondevelopments.com\/wp-content\/uploads\/2025\/02\/hgd_iso.svg","contentUrl":"https:\/\/higuerondevelopments.com\/wp-content\/uploads\/2025\/02\/hgd_iso.svg","width":"1024","height":"1024","caption":"Higuer\u00f3n Developments"},"image":{"@id":"https:\/\/higuerondevelopments.com\/pl\/#\/schema\/logo\/image\/"}}]}},"uagb_featured_image_src":{"full":false,"thumbnail":false,"medium":false,"medium_large":false,"large":false,"1536x1536":false,"2048x2048":false},"uagb_author_info":{"display_name":"@nubeseo","author_link":"https:\/\/higuerondevelopments.com\/pl\/author\/nubeseo\/"},"uagb_comment_info":0,"uagb_excerpt":null,"_links":{"self":[{"href":"https:\/\/higuerondevelopments.com\/pl\/wp-json\/wp\/v2\/pages\/2339","targetHints":{"allow":["GET"]}}],"collection":[{"href":"https:\/\/higuerondevelopments.com\/pl\/wp-json\/wp\/v2\/pages"}],"about":[{"href":"https:\/\/higuerondevelopments.com\/pl\/wp-json\/wp\/v2\/types\/page"}],"author":[{"embeddable":true,"href":"https:\/\/higuerondevelopments.com\/pl\/wp-json\/wp\/v2\/users\/1"}],"replies":[{"embeddable":true,"href":"https:\/\/higuerondevelopments.com\/pl\/wp-json\/wp\/v2\/comments?post=2339"}],"version-history":[{"count":1,"href":"https:\/\/higuerondevelopments.com\/pl\/wp-json\/wp\/v2\/pages\/2339\/revisions"}],"predecessor-version":[{"id":2688,"href":"https:\/\/higuerondevelopments.com\/pl\/wp-json\/wp\/v2\/pages\/2339\/revisions\/2688"}],"wp:attachment":[{"href":"https:\/\/higuerondevelopments.com\/pl\/wp-json\/wp\/v2\/media?parent=2339"}],"curies":[{"name":"wp","href":"https:\/\/api.w.org\/{rel}","templated":true}]}}